{"id":24,"date":"2017-08-23T13:19:41","date_gmt":"2017-08-23T13:19:41","guid":{"rendered":"https:\/\/digiartis.pl\/?page_id=24"},"modified":"2024-11-20T22:03:54","modified_gmt":"2024-11-20T21:03:54","slug":"kontakt","status":"publish","type":"page","link":"https:\/\/digiartis.pl\/en\/kontakt\/","title":{"rendered":"Contact"},"content":{"rendered":"<div data-elementor-type=\"wp-post\" data-elementor-id=\"24\" class=\"elementor elementor-24\">\n\t\t\t\t\t\t<section class=\"elementor-section elementor-top-section elementor-element elementor-element-478b239 elementor-hidden-tablet elementor-hidden-mobile elementor-section-boxed elementor-section-height-default elementor-section-height-default\" data-id=\"478b239\" data-element_type=\"section\" data-settings=\"{&quot;background_background&quot;:&quot;classic&quot;}\">\n\t\t\t\t\t\t<div class=\"elementor-container elementor-column-gap-default\">\n\t\t\t\t\t<div class=\"elementor-column elementor-col-100 elementor-top-column elementor-element elementor-element-5b44f1b\" data-id=\"5b44f1b\" data-element_type=\"column\">\n\t\t\t<div class=\"elementor-widget-wrap elementor-element-populated\">\n\t\t\t\t\t\t<div class=\"elementor-element elementor-element-c11e41b elementor-widget elementor-widget-heading\" data-id=\"c11e41b\" data-element_type=\"widget\" data-widget_type=\"heading.default\">\n\t\t\t\t<div class=\"elementor-widget-container\">\n\t\t\t\t\t<h1 class=\"elementor-heading-title elementor-size-default\">Contact<\/h1>\t\t\t\t<\/div>\n\t\t\t\t<\/div>\n\t\t\t\t<div class=\"elementor-element elementor-element-f093c4a elementor-widget elementor-widget-text-editor\" data-id=\"f093c4a\" data-element_type=\"widget\" data-widget_type=\"text-editor.default\">\n\t\t\t\t<div class=\"elementor-widget-container\">\n\t\t\t\t\t\t\t\t\t<p>If you have questions, suggestions or would like to cooperate, please use the contact information below.&nbsp;<span style=\"font-style: inherit;font-weight: inherit\">If you prefer, you can also use the contact form below. Just fill it out and I will get back to you shortly.<\/span><\/p>\t\t\t\t\t\t\t\t<\/div>\n\t\t\t\t<\/div>\n\t\t\t\t\t<\/div>\n\t\t<\/div>\n\t\t\t\t\t<\/div>\n\t\t<\/section>\n\t\t\t\t<section class=\"elementor-section elementor-top-section elementor-element elementor-element-c4db27a elementor-hidden-desktop elementor-section-boxed elementor-section-height-default elementor-section-height-default\" data-id=\"c4db27a\" data-element_type=\"section\" data-settings=\"{&quot;background_background&quot;:&quot;classic&quot;}\">\n\t\t\t\t\t\t<div class=\"elementor-container elementor-column-gap-default\">\n\t\t\t\t\t<div class=\"elementor-column elementor-col-100 elementor-top-column elementor-element elementor-element-42e24dd\" data-id=\"42e24dd\" data-element_type=\"column\">\n\t\t\t<div class=\"elementor-widget-wrap elementor-element-populated\">\n\t\t\t\t\t\t<div class=\"elementor-element elementor-element-dba3acb elementor-widget elementor-widget-heading\" data-id=\"dba3acb\" data-element_type=\"widget\" data-widget_type=\"heading.default\">\n\t\t\t\t<div class=\"elementor-widget-container\">\n\t\t\t\t\t<h1 class=\"elementor-heading-title elementor-size-default\">Contact<\/h1>\t\t\t\t<\/div>\n\t\t\t\t<\/div>\n\t\t\t\t<div class=\"elementor-element elementor-element-47deddb elementor-widget elementor-widget-text-editor\" data-id=\"47deddb\" data-element_type=\"widget\" data-widget_type=\"text-editor.default\">\n\t\t\t\t<div class=\"elementor-widget-container\">\n\t\t\t\t\t\t\t\t\t<p>If you have questions, suggestions or would like to cooperate, please use the contact information below.<\/p><p><span style=\"font-style: inherit;font-weight: inherit\">Je\u015bli wolisz, mo\u017cesz tak\u017ce skorzysta\u0107 z\u00a0 formularza kontaktowego poni\u017cej. Wystarczy wype\u0142ni\u0107 go, a odezw\u0119 si\u0119 do Ciebie wkr\u00f3tce.<\/span><\/p>\t\t\t\t\t\t\t\t<\/div>\n\t\t\t\t<\/div>\n\t\t\t\t\t<\/div>\n\t\t<\/div>\n\t\t\t\t\t<\/div>\n\t\t<\/section>\n\t\t\t\t<section class=\"elementor-section elementor-top-section elementor-element elementor-element-fysa1sn elementor-section-boxed elementor-section-height-default elementor-section-height-default\" data-id=\"fysa1sn\" data-element_type=\"section\">\n\t\t\t\t\t\t<div class=\"elementor-container elementor-column-gap-no\">\n\t\t\t\t\t<div class=\"elementor-column elementor-col-100 elementor-top-column elementor-element elementor-element-78aaac5\" data-id=\"78aaac5\" data-element_type=\"column\">\n\t\t\t<div class=\"elementor-widget-wrap elementor-element-populated\">\n\t\t\t\t\t\t<section class=\"elementor-section elementor-inner-section elementor-element elementor-element-160c3cf elementor-section-boxed elementor-section-height-default elementor-section-height-default\" data-id=\"160c3cf\" data-element_type=\"section\">\n\t\t\t\t\t\t<div class=\"elementor-container elementor-column-gap-no\">\n\t\t\t\t\t<div class=\"elementor-column elementor-col-50 elementor-inner-column elementor-element elementor-element-c2a0b98\" data-id=\"c2a0b98\" data-element_type=\"column\">\n\t\t\t<div class=\"elementor-widget-wrap elementor-element-populated\">\n\t\t\t\t\t\t<div class=\"elementor-element elementor-element-926c478 elementor-widget elementor-widget-text-editor\" data-id=\"926c478\" data-element_type=\"widget\" data-widget_type=\"text-editor.default\">\n\t\t\t\t<div class=\"elementor-widget-container\">\n\t\t\t\t\t\t\t\t\t<p><img decoding=\"async\" class=\"alignnone size-full wp-image-2240\" src=\"https:\/\/digiartis.pl\/wp-content\/uploads\/2024\/10\/icons8-phone-250.png\" alt=\"\" width=\"30\" height=\"250\" \/>\u00a0<a href=\"tel:+48 574 232 208\">Phone number: +48 574 232 208<\/a><\/p><p><img decoding=\"async\" class=\"alignnone size-full wp-image-2205\" src=\"https:\/\/digiartis.pl\/wp-content\/uploads\/2024\/10\/icons8-mail-100.png\" alt=\"\" width=\"30\" height=\"100\" \/>\u00a0<a style=\"background-color: #ffffff;font-size: 1rem\" href=\"mailto:name@email.com\" target=\"_blank\" rel=\"noopener\">Mail: mikolajryszka@gmail.com<\/a><\/p><p><a href=\"https:\/\/m.me\/mikolajry\/\" target=\"_blank\" rel=\"noopener\" data-wp-editing=\"1\"><img decoding=\"async\" class=\"alignnone size-full wp-image-2217\" src=\"https:\/\/digiartis.pl\/wp-content\/uploads\/2024\/10\/icons8-messenger-250.png\" alt=\"\" width=\"30\" height=\"250\" \/> Messenger<\/a><\/p><p><img loading=\"lazy\" decoding=\"async\" class=\"alignnone size-full wp-image-2150\" src=\"https:\/\/digiartis.pl\/wp-content\/uploads\/2024\/10\/icons8-whatsapp-250.png\" alt=\"\" width=\"30\" height=\"250\" \/> <a href=\"https:\/\/api.whatsapp.com\/message\/CN5MXPRHW5QNF1?autoload=1&amp;app_absent=0\" target=\"_blank\" rel=\"noopener\">WhatsApp<\/a><\/p><p><img loading=\"lazy\" decoding=\"async\" class=\"alignnone size-full wp-image-2220\" src=\"https:\/\/digiartis.pl\/wp-content\/uploads\/2024\/10\/icons8-instagram-250.png\" alt=\"\" width=\"30\" height=\"250\" \/> <a href=\"https:\/\/www.instagram.com\/majkb212\/\" target=\"_blank\" rel=\"noopener\">Instagram<\/a><\/p><p><a href=\"https:\/\/www.linkedin.com\/in\/miko%C5%82aj-ryszka-10838527b\" target=\"_blank\" rel=\"noopener\"><img loading=\"lazy\" decoding=\"async\" class=\"alignnone size-full wp-image-2486\" src=\"https:\/\/digiartis.pl\/wp-content\/uploads\/2024\/11\/icons8-facebook-250.png\" alt=\"\" width=\"30\" height=\"150\" \/> Facebook<\/a><\/p><p><img loading=\"lazy\" decoding=\"async\" class=\"alignnone size-full wp-image-2220\" src=\"https:\/\/digiartis.pl\/wp-content\/uploads\/2024\/10\/icons8-youtube-250.png\" alt=\"\" width=\"30\" height=\"250\" \/> <a href=\"https:\/\/www.youtube.com\/@digiartis?sub_confirmation=1\" target=\"_blank\" rel=\"noopener\">Youtube<\/a><\/p>\t\t\t\t\t\t\t\t<\/div>\n\t\t\t\t<\/div>\n\t\t\t\t\t<\/div>\n\t\t<\/div>\n\t\t\t\t<div class=\"elementor-column elementor-col-50 elementor-inner-column elementor-element elementor-element-2d3cbd2\" data-id=\"2d3cbd2\" data-element_type=\"column\">\n\t\t\t<div class=\"elementor-widget-wrap elementor-element-populated\">\n\t\t\t\t\t\t<div class=\"elementor-element elementor-element-a7bc008 elementor-widget elementor-widget-wpforms\" data-id=\"a7bc008\" data-element_type=\"widget\" data-widget_type=\"wpforms.default\">\n\t\t\t\t<div class=\"elementor-widget-container\">\n\t\t\t\t\t<div class=\"wpforms-container\" id=\"wpforms-3420\"><form id=\"wpforms-form-3420\" class=\"wpforms-validate wpforms-form\" data-formid=\"3420\" method=\"post\" enctype=\"multipart\/form-data\" action=\"\/en\/wp-json\/wp\/v2\/pages\/24\" data-token=\"2742f1919910b86e588bcc96dfbb7d2d\" data-token-time=\"1776173600\" data-trp-original-action=\"\/en\/wp-json\/wp\/v2\/pages\/24\"><noscript class=\"wpforms-error-noscript\">Please enable JavaScript in your browser to complete this form.<\/noscript><div class=\"wpforms-field-container\"><div id=\"wpforms-3420-field_0-container\" class=\"wpforms-field wpforms-field-name\" data-field-id=\"0\"><label class=\"wpforms-field-label wpforms-label-hide\" for=\"wpforms-3420-field_0\">Name <span class=\"wpforms-required-label\">*<\/span><\/label><input type=\"text\" id=\"wpforms-3420-field_0\" class=\"wpforms-field-large wpforms-field-required\" name=\"wpforms[fields][0]\" placeholder=\"Name\" required><\/div>\t\t<div id=\"wpforms-3420-field_4-container\"\n\t\t\tclass=\"wpforms-field wpforms-field-text\"\n\t\t\tdata-field-type=\"text\"\n\t\t\tdata-field-id=\"4\"\n\t\t\t>\n\t\t\t<label class=\"wpforms-field-label\" for=\"wpforms-3420-field_4\" >Imi\u0119 Temat Email<\/label>\n\t\t\t<input type=\"text\" id=\"wpforms-3420-field_4\" class=\"wpforms-field-medium\" name=\"wpforms[fields][4]\" >\n\t\t<\/div>\n\t\t<div id=\"wpforms-3420-field_1-container\" class=\"wpforms-field wpforms-field-email\" data-field-id=\"1\"><label class=\"wpforms-field-label wpforms-label-hide\" for=\"wpforms-3420-field_1\">Email <span class=\"wpforms-required-label\">*<\/span><\/label><input type=\"email\" id=\"wpforms-3420-field_1\" class=\"wpforms-field-large wpforms-field-required\" name=\"wpforms[fields][1]\" placeholder=\"Email\" spellcheck=\"false\" required><\/div><div id=\"wpforms-3420-field_3-container\" class=\"wpforms-field wpforms-field-text\" data-field-id=\"3\"><label class=\"wpforms-field-label wpforms-label-hide\" for=\"wpforms-3420-field_3\">Subject <span class=\"wpforms-required-label\">*<\/span><\/label><input type=\"text\" id=\"wpforms-3420-field_3\" class=\"wpforms-field-large wpforms-field-required\" name=\"wpforms[fields][3]\" placeholder=\"Subject\" required><\/div><div id=\"wpforms-3420-field_2-container\" class=\"wpforms-field wpforms-field-textarea\" data-field-id=\"2\"><label class=\"wpforms-field-label wpforms-label-hide\" for=\"wpforms-3420-field_2\">Message <span class=\"wpforms-required-label\">*<\/span><\/label><textarea id=\"wpforms-3420-field_2\" class=\"wpforms-field-medium wpforms-field-required\" name=\"wpforms[fields][2]\" placeholder=\"Message\" required><\/textarea><\/div><script>\n\t\t\t\t( function() {\n\t\t\t\t\tconst style = document.createElement( 'style' );\n\t\t\t\t\tstyle.appendChild( document.createTextNode( '#wpforms-3420-field_4-container { position: absolute !important; overflow: hidden !important; display: inline !important; height: 1px !important; width: 1px !important; z-index: -1000 !important; padding: 0 !important; } #wpforms-3420-field_4-container input { visibility: hidden; } #wpforms-conversational-form-page #wpforms-3420-field_4-container label { counter-increment: none; }' ) );\n\t\t\t\t\tdocument.head.appendChild( style );\n\t\t\t\t\tdocument.currentScript?.remove();\n\t\t\t\t} )();\n\t\t\t<\/script><\/div><!-- .wpforms-field-container --><div class=\"wpforms-submit-container\" ><input type=\"hidden\" name=\"wpforms[id]\" value=\"3420\"><input type=\"hidden\" name=\"page_title\" value=\"\"><input type=\"hidden\" name=\"page_url\" value=\"https:\/\/digiartis.pl\/en\/wp-json\/wp\/v2\/pages\/24\"><input type=\"hidden\" name=\"url_referer\" value=\"\"><button type=\"submit\" name=\"wpforms[submit]\" id=\"wpforms-submit-3420\" class=\"wpforms-submit\" data-alt-text=\"Wysy\u0142anie...\" data-submit-text=\"Wy\u015blij\" aria-live=\"assertive\" value=\"wpforms-submit\">Send<\/button><\/div><input type=\"hidden\" name=\"trp-form-language\" value=\"en\"\/><\/form><\/div>  <!-- .wpforms-container -->\t\t\t\t<\/div>\n\t\t\t\t<\/div>\n\t\t\t\t\t<\/div>\n\t\t<\/div>\n\t\t\t\t\t<\/div>\n\t\t<\/section>\n\t\t\t\t\t<\/div>\n\t\t<\/div>\n\t\t\t\t\t<\/div>\n\t\t<\/section>\n\t\t\t\t<\/div>","protected":false},"excerpt":{"rendered":"<p>Skontaktuj si\u0119 Je\u015bli masz pytania, sugestie lub chcia\u0142by\u015b\/chcia\u0142aby\u015b nawi\u0105za\u0107 wsp\u00f3\u0142prac\u0119, skorzystaj z poni\u017cszych danych kontaktowych.&nbsp;Je\u015bli wolisz, mo\u017cesz tak\u017ce skorzysta\u0107 z&nbsp; formularza kontaktowego poni\u017cej. Wystarczy go wype\u0142ni\u0107, a odezw\u0119 si\u0119 do Ciebie wkr\u00f3tce. Skontaktuj si\u0119 Je\u015bli masz pytania, sugestie lub chcia\u0142by\u015b\/chcia\u0142aby\u015b nawi\u0105za\u0107 wsp\u00f3\u0142prac\u0119, skorzystaj z poni\u017cszych danych kontaktowych. Je\u015bli wolisz, mo\u017cesz tak\u017ce skorzysta\u0107 z\u00a0 formularza kontaktowego [&hellip;]<\/p>","protected":false},"author":1,"featured_media":0,"parent":0,"menu_order":0,"comment_status":"closed","ping_status":"closed","template":"","meta":{"site-sidebar-layout":"no-sidebar","site-content-layout":"page-builder","ast-site-content-layout":"full-width-container","site-content-style":"unboxed","site-sidebar-style":"unboxed","ast-global-header-display":"","ast-banner-title-visibility":"","ast-main-header-display":"","ast-hfb-above-header-display":"","ast-hfb-below-header-display":"","ast-hfb-mobile-header-display":"","site-post-title":"disabled","ast-breadcrumbs-content":"","ast-featured-img":"disabled","footer-sml-layout":"","theme-transparent-header-meta":"default","adv-header-id-meta":"","stick-header-meta":"","header-above-stick-meta":"","header-main-stick-meta":"","header-below-stick-meta":"","astra-migrate-meta-layouts":"set","ast-page-background-enabled":"default","ast-page-background-meta":{"desktop":{"background-color":"","background-image":"","background-repeat":"repeat","background-position":"center center","background-size":"auto","background-attachment":"scroll","background-type":"","background-media":"","overlay-type":"","overlay-color":"","overlay-opacity":"","overlay-gradient":""},"tablet":{"background-color":"","background-image":"","background-repeat":"repeat","background-position":"center center","background-size":"auto","background-attachment":"scroll","background-type":"","background-media":"","overlay-type":"","overlay-color":"","overlay-opacity":"","overlay-gradient":""},"mobile":{"background-color":"","background-image":"","background-repeat":"repeat","background-position":"center center","background-size":"auto","background-attachment":"scroll","background-type":"","background-media":"","overlay-type":"","overlay-color":"","overlay-opacity":"","overlay-gradient":""}},"ast-content-background-meta":{"desktop":{"background-color":"var(--ast-global-color-5)","background-image":"","background-repeat":"repeat","background-position":"center center","background-size":"auto","background-attachment":"scroll","background-type":"","background-media":"","overlay-type":"","overlay-color":"","overlay-opacity":"","overlay-gradient":""},"tablet":{"background-color":"var(--ast-global-color-5)","background-image":"","background-repeat":"repeat","background-position":"center center","background-size":"auto","background-attachment":"scroll","background-type":"","background-media":"","overlay-type":"","overlay-color":"","overlay-opacity":"","overlay-gradient":""},"mobile":{"background-color":"var(--ast-global-color-5)","background-image":"","background-repeat":"repeat","background-position":"center center","background-size":"auto","background-attachment":"scroll","background-type":"","background-media":"","overlay-type":"","overlay-color":"","overlay-opacity":"","overlay-gradient":""}},"footnotes":""},"class_list":["post-24","page","type-page","status-publish","hentry"],"rttpg_featured_image_url":null,"rttpg_author":{"display_name":"digiartis.pl","author_link":"https:\/\/digiartis.pl\/en\/author\/rycha-pl\/"},"rttpg_comment":0,"rttpg_category":null,"rttpg_excerpt":"Skontaktuj si\u0119 Je\u015bli masz pytania, sugestie lub chcia\u0142by\u015b\/chcia\u0142aby\u015b nawi\u0105za\u0107 wsp\u00f3\u0142prac\u0119, skorzystaj z poni\u017cszych danych kontaktowych.&nbsp;Je\u015bli wolisz, mo\u017cesz tak\u017ce skorzysta\u0107 z&nbsp; formularza kontaktowego poni\u017cej. Wystarczy go wype\u0142ni\u0107, a odezw\u0119 si\u0119 do Ciebie wkr\u00f3tce. Skontaktuj si\u0119 Je\u015bli masz pytania, sugestie lub chcia\u0142by\u015b\/chcia\u0142aby\u015b nawi\u0105za\u0107 wsp\u00f3\u0142prac\u0119, skorzystaj z poni\u017cszych danych kontaktowych. Je\u015bli wolisz, mo\u017cesz tak\u017ce skorzysta\u0107 z\u00a0 formularza kontaktowego&hellip;","_links":{"self":[{"href":"https:\/\/digiartis.pl\/en\/wp-json\/wp\/v2\/pages\/24","targetHints":{"allow":["GET"]}}],"collection":[{"href":"https:\/\/digiartis.pl\/en\/wp-json\/wp\/v2\/pages"}],"about":[{"href":"https:\/\/digiartis.pl\/en\/wp-json\/wp\/v2\/types\/page"}],"author":[{"embeddable":true,"href":"https:\/\/digiartis.pl\/en\/wp-json\/wp\/v2\/users\/1"}],"replies":[{"embeddable":true,"href":"https:\/\/digiartis.pl\/en\/wp-json\/wp\/v2\/comments?post=24"}],"version-history":[{"count":162,"href":"https:\/\/digiartis.pl\/en\/wp-json\/wp\/v2\/pages\/24\/revisions"}],"predecessor-version":[{"id":3492,"href":"https:\/\/digiartis.pl\/en\/wp-json\/wp\/v2\/pages\/24\/revisions\/3492"}],"wp:attachment":[{"href":"https:\/\/digiartis.pl\/en\/wp-json\/wp\/v2\/media?parent=24"}],"curies":[{"name":"wp","href":"https:\/\/api.w.org\/{rel}","templated":true}]}}