{"id":2938,"date":"2024-08-29T18:37:30","date_gmt":"2024-08-29T16:37:30","guid":{"rendered":"https:\/\/digiartis.pl\/?page_id=2938"},"modified":"2024-10-31T16:15:52","modified_gmt":"2024-10-31T15:15:52","slug":"pakiety","status":"publish","type":"page","link":"https:\/\/digiartis.pl\/en\/pakiety\/","title":{"rendered":"Bundles"},"content":{"rendered":"<div data-elementor-type=\"wp-page\" data-elementor-id=\"2938\" class=\"elementor elementor-2938\">\n\t\t\t\t\t\t<section class=\"elementor-section elementor-top-section elementor-element elementor-element-1be5f8c elementor-section-boxed elementor-section-height-default elementor-section-height-default\" data-id=\"1be5f8c\" data-element_type=\"section\" data-settings=\"{&quot;background_background&quot;:&quot;classic&quot;}\">\n\t\t\t\t\t\t<div class=\"elementor-container elementor-column-gap-default\">\n\t\t\t\t\t<div class=\"elementor-column elementor-col-100 elementor-top-column elementor-element elementor-element-eb6d2fe\" data-id=\"eb6d2fe\" data-element_type=\"column\">\n\t\t\t<div class=\"elementor-widget-wrap elementor-element-populated\">\n\t\t\t\t\t\t<div class=\"elementor-element elementor-element-a03e64a elementor-widget elementor-widget-heading\" data-id=\"a03e64a\" data-element_type=\"widget\" data-widget_type=\"heading.default\">\n\t\t\t\t<div class=\"elementor-widget-container\">\n\t\t\t\t\t<h1 class=\"elementor-heading-title elementor-size-default\">Bundles<\/h1>\t\t\t\t<\/div>\n\t\t\t\t<\/div>\n\t\t\t\t<div class=\"elementor-element elementor-element-d392193 elementor-widget elementor-widget-text-editor\" data-id=\"d392193\" data-element_type=\"widget\" data-widget_type=\"text-editor.default\">\n\t\t\t\t<div class=\"elementor-widget-container\">\n\t\t\t\t\t\t\t\t\t<p>Check out my suggestions and choose the solution that best supports the growth of your business. By choosing the right bundle, you will gain tools tailored to your needs, allowing you to grow your business more effectively. New offers coming soon...<\/p>\t\t\t\t\t\t\t\t<\/div>\n\t\t\t\t<\/div>\n\t\t\t\t\t<\/div>\n\t\t<\/div>\n\t\t\t\t\t<\/div>\n\t\t<\/section>\n\t\t\t\t<section class=\"elementor-section elementor-top-section elementor-element elementor-element-209a0da elementor-section-boxed elementor-section-height-default elementor-section-height-default\" data-id=\"209a0da\" data-element_type=\"section\">\n\t\t\t\t\t\t<div class=\"elementor-container elementor-column-gap-default\">\n\t\t\t\t\t<div class=\"elementor-column elementor-col-50 elementor-top-column elementor-element elementor-element-2fdb944\" data-id=\"2fdb944\" data-element_type=\"column\">\n\t\t\t<div class=\"elementor-widget-wrap elementor-element-populated\">\n\t\t\t\t\t\t<div class=\"elementor-element elementor-element-b8cfb48 elementor-widget elementor-widget-premium-addon-banner\" data-id=\"b8cfb48\" data-element_type=\"widget\" data-widget_type=\"premium-addon-banner.default\">\n\t\t\t\t<div class=\"elementor-widget-container\">\n\t\t\t\t\t\t\t<div class=\"premium-banner-ib premium-banner-min-height premium-banner-animation1 none premium-banner__effect-type2\">\r\n\t\t\t\t\t\t\t\t\t\t<img fetchpriority=\"high\" decoding=\"async\" width=\"2560\" height=\"1898\" src=\"https:\/\/digiartis.pl\/wp-content\/uploads\/2024\/08\/pexels-sora-shimazaki-5668484-scaled-e1724951275562.jpg\" class=\"attachment-full size-full wp-image-2961\" alt=\"\" srcset=\"https:\/\/digiartis.pl\/wp-content\/uploads\/2024\/08\/pexels-sora-shimazaki-5668484-scaled-e1724951275562.jpg 2560w, https:\/\/digiartis.pl\/wp-content\/uploads\/2024\/08\/pexels-sora-shimazaki-5668484-scaled-e1724951275562-300x222.jpg 300w, https:\/\/digiartis.pl\/wp-content\/uploads\/2024\/08\/pexels-sora-shimazaki-5668484-scaled-e1724951275562-1024x759.jpg 1024w, https:\/\/digiartis.pl\/wp-content\/uploads\/2024\/08\/pexels-sora-shimazaki-5668484-scaled-e1724951275562-768x569.jpg 768w, https:\/\/digiartis.pl\/wp-content\/uploads\/2024\/08\/pexels-sora-shimazaki-5668484-scaled-e1724951275562-1536x1139.jpg 1536w, https:\/\/digiartis.pl\/wp-content\/uploads\/2024\/08\/pexels-sora-shimazaki-5668484-scaled-e1724951275562-2048x1518.jpg 2048w\" sizes=\"(max-width: 2560px) 100vw, 2560px\" \/>\t\t\t\t\t\t\t\t\t<div class=\"premium-banner-ib-desc\">\r\n\t\t\t\t\r\n\t\t\t\t\t\t\t\t\t<h3 class=\"premium-banner-ib-title premium_banner_title\">\r\n\t\t\t\t\t\tLaw office\t\t\t\t\t<\/h3>\r\n\t\t\t\t\r\n\t\t\t\t\t\t\t\t\t<div class=\"premium-banner-ib-content premium_banner_content\">\r\n\t\t\t\t\t\t<p>Professional website, Google business card, and more - all for your law firm. Payment only after the project is completed and with 100% satisfaction.<\/p><p>Click to learn more about the offer!<\/p>\t\t\t\t\t<\/div>\r\n\t\t\t\t\r\n\t\t\t\t\r\n\t\t\t\t\t\t\t<\/div>\r\n\t\t\t\t\t\t\t<a href=\"https:\/\/digiartis.pl\/en\/pakiet-kancelaria-prawna\/\" class=\"premium-banner-ib-link\"><\/a>\r\n\t\t\t\t\t<\/div>\r\n\r\n\t\t\t\t\t\t<\/div>\n\t\t\t\t<\/div>\n\t\t\t\t\t<\/div>\n\t\t<\/div>\n\t\t\t\t<div class=\"elementor-column elementor-col-50 elementor-top-column elementor-element elementor-element-fdccc7e\" data-id=\"fdccc7e\" data-element_type=\"column\">\n\t\t\t<div class=\"elementor-widget-wrap\">\n\t\t\t\t\t\t\t<\/div>\n\t\t<\/div>\n\t\t\t\t\t<\/div>\n\t\t<\/section>\n\t\t\t\t<\/div>","protected":false},"excerpt":{"rendered":"<p>Pakiety Sprawd\u017a moje propozycje i wybierz rozwi\u0105zanie, kt\u00f3re najlepiej wspiera rozw\u00f3j Twojej firmy. Wybieraj\u0105c odpowiedni pakiet, zyskasz narz\u0119dzia dostosowane do Twoich potrzeb, co pozwoli Ci skuteczniej rozwija\u0107 swoj\u0105 dzia\u0142alno\u015b\u0107. Nowe oferty ju\u017c wkr\u00f3tce&#8230; Kancelaria prawna Profesjonalna strona, wizyt\u00f3wka Google, i wi\u0119cej \u2013 wszystko dla Twojej kancelarii. P\u0142atno\u015b\u0107 dopiero po wykonanym projekcie i przy 100% zadowoleniu. [&hellip;]<\/p>","protected":false},"author":1,"featured_media":0,"parent":0,"menu_order":0,"comment_status":"closed","ping_status":"closed","template":"","meta":{"site-sidebar-layout":"no-sidebar","site-content-layout":"page-builder","ast-site-content-layout":"full-width-container","site-content-style":"default","site-sidebar-style":"default","ast-global-header-display":"","ast-banner-title-visibility":"","ast-main-header-display":"","ast-hfb-above-header-display":"","ast-hfb-below-header-display":"","ast-hfb-mobile-header-display":"","site-post-title":"disabled","ast-breadcrumbs-content":"","ast-featured-img":"disabled","footer-sml-layout":"","theme-transparent-header-meta":"","adv-header-id-meta":"","stick-header-meta":"","header-above-stick-meta":"","header-main-stick-meta":"","header-below-stick-meta":"","astra-migrate-meta-layouts":"default","ast-page-background-enabled":"default","ast-page-background-meta":{"desktop":{"background-color":"","background-image":"","background-repeat":"repeat","background-position":"center center","background-size":"auto","background-attachment":"scroll","background-type":"","background-media":"","overlay-type":"","overlay-color":"","overlay-opacity":"","overlay-gradient":""},"tablet":{"background-color":"","background-image":"","background-repeat":"repeat","background-position":"center center","background-size":"auto","background-attachment":"scroll","background-type":"","background-media":"","overlay-type":"","overlay-color":"","overlay-opacity":"","overlay-gradient":""},"mobile":{"background-color":"","background-image":"","background-repeat":"repeat","background-position":"center center","background-size":"auto","background-attachment":"scroll","background-type":"","background-media":"","overlay-type":"","overlay-color":"","overlay-opacity":"","overlay-gradient":""}},"ast-content-background-meta":{"desktop":{"background-color":"var(--ast-global-color-5)","background-image":"","background-repeat":"repeat","background-position":"center center","background-size":"auto","background-attachment":"scroll","background-type":"","background-media":"","overlay-type":"","overlay-color":"","overlay-opacity":"","overlay-gradient":""},"tablet":{"background-color":"var(--ast-global-color-5)","background-image":"","background-repeat":"repeat","background-position":"center center","background-size":"auto","background-attachment":"scroll","background-type":"","background-media":"","overlay-type":"","overlay-color":"","overlay-opacity":"","overlay-gradient":""},"mobile":{"background-color":"var(--ast-global-color-5)","background-image":"","background-repeat":"repeat","background-position":"center center","background-size":"auto","background-attachment":"scroll","background-type":"","background-media":"","overlay-type":"","overlay-color":"","overlay-opacity":"","overlay-gradient":""}},"footnotes":""},"class_list":["post-2938","page","type-page","status-publish","hentry"],"rttpg_featured_image_url":null,"rttpg_author":{"display_name":"digiartis.pl","author_link":"https:\/\/digiartis.pl\/en\/author\/rycha-pl\/"},"rttpg_comment":0,"rttpg_category":null,"rttpg_excerpt":"Pakiety Sprawd\u017a moje propozycje i wybierz rozwi\u0105zanie, kt\u00f3re najlepiej wspiera rozw\u00f3j Twojej firmy. Wybieraj\u0105c odpowiedni pakiet, zyskasz narz\u0119dzia dostosowane do Twoich potrzeb, co pozwoli Ci skuteczniej rozwija\u0107 swoj\u0105 dzia\u0142alno\u015b\u0107. Nowe oferty ju\u017c wkr\u00f3tce&#8230; Kancelaria prawna Profesjonalna strona, wizyt\u00f3wka Google, i wi\u0119cej \u2013 wszystko dla Twojej kancelarii. P\u0142atno\u015b\u0107 dopiero po wykonanym projekcie i przy 100% zadowoleniu.&hellip;","_links":{"self":[{"href":"https:\/\/digiartis.pl\/en\/wp-json\/wp\/v2\/pages\/2938","targetHints":{"allow":["GET"]}}],"collection":[{"href":"https:\/\/digiartis.pl\/en\/wp-json\/wp\/v2\/pages"}],"about":[{"href":"https:\/\/digiartis.pl\/en\/wp-json\/wp\/v2\/types\/page"}],"author":[{"embeddable":true,"href":"https:\/\/digiartis.pl\/en\/wp-json\/wp\/v2\/users\/1"}],"replies":[{"embeddable":true,"href":"https:\/\/digiartis.pl\/en\/wp-json\/wp\/v2\/comments?post=2938"}],"version-history":[{"count":53,"href":"https:\/\/digiartis.pl\/en\/wp-json\/wp\/v2\/pages\/2938\/revisions"}],"predecessor-version":[{"id":3454,"href":"https:\/\/digiartis.pl\/en\/wp-json\/wp\/v2\/pages\/2938\/revisions\/3454"}],"wp:attachment":[{"href":"https:\/\/digiartis.pl\/en\/wp-json\/wp\/v2\/media?parent=2938"}],"curies":[{"name":"wp","href":"https:\/\/api.w.org\/{rel}","templated":true}]}}